{"id":71,"date":"2016-09-12T13:03:18","date_gmt":"2016-09-12T12:03:18","guid":{"rendered":"http:\/\/vie-en-corps.fr\/?page_id=71"},"modified":"2025-03-04T18:26:26","modified_gmt":"2025-03-04T17:26:26","slug":"lintervenant","status":"publish","type":"page","link":"https:\/\/vie-en-corps.fr\/?page_id=71","title":{"rendered":"L&#8217;INTERVENANT"},"content":{"rendered":"<p><img decoding=\"async\" loading=\"lazy\" class=\"aligncenter wp-image-459 \" src=\"http:\/\/vie-en-corps.fr\/wp-content\/uploads\/2025\/03\/WhatsApp-Image-2025-02-20-at-12.01.212-scaled-e1741109144796-364x500.jpeg\" alt=\"\" width=\"195\" height=\"268\" srcset=\"https:\/\/vie-en-corps.fr\/wp-content\/uploads\/2025\/03\/WhatsApp-Image-2025-02-20-at-12.01.212-scaled-e1741109144796-364x500.jpeg 364w, https:\/\/vie-en-corps.fr\/wp-content\/uploads\/2025\/03\/WhatsApp-Image-2025-02-20-at-12.01.212-scaled-e1741109144796-745x1024.jpeg 745w, https:\/\/vie-en-corps.fr\/wp-content\/uploads\/2025\/03\/WhatsApp-Image-2025-02-20-at-12.01.212-scaled-e1741109144796-768x1055.jpeg 768w, https:\/\/vie-en-corps.fr\/wp-content\/uploads\/2025\/03\/WhatsApp-Image-2025-02-20-at-12.01.212-scaled-e1741109144796-1118x1536.jpeg 1118w, https:\/\/vie-en-corps.fr\/wp-content\/uploads\/2025\/03\/WhatsApp-Image-2025-02-20-at-12.01.212-scaled-e1741109144796-1491x2048.jpeg 1491w, https:\/\/vie-en-corps.fr\/wp-content\/uploads\/2025\/03\/WhatsApp-Image-2025-02-20-at-12.01.212-scaled-e1741109144796-218x300.jpeg 218w, https:\/\/vie-en-corps.fr\/wp-content\/uploads\/2025\/03\/WhatsApp-Image-2025-02-20-at-12.01.212-scaled-e1741109144796.jpeg 1728w\" sizes=\"(max-width: 195px) 100vw, 195px\" \/><\/p>\n<p><span style=\"color: #b60c27;\">David Bettin<\/span><\/p>\n<p>Educateur sp\u00e9cialis\u00e9, danseur, David d\u00e9couvre le clown de th\u00e9\u00e2tre en 1998.<br \/>\nForm\u00e9 avec diff\u00e9rentes compagnies : Bataclown, Le Th\u00e9\u00e2tre du Chapeau, Mugabe Clown en Espagne, Clownessence, l\u2019Espace Catastrophe \u00e0 Bruxelles et accompagn\u00e9 dans un travail sur la voix avec le Roy Art et du corps avec ETSEM, il anime des formations en clown depuis 2002 aupr\u00e8s de diff\u00e9rents publics et participe \u00e0 de nombreux spectacles et soir\u00e9es d\u2019improvisation.<br \/>\nLe corps et la voix sont au coeur de son approche.<\/p>\n","protected":false},"excerpt":{"rendered":"<p>David Bettin Educateur sp\u00e9cialis\u00e9, danseur, David d\u00e9couvre le clown de th\u00e9\u00e2tre en 1998. Form\u00e9 avec diff\u00e9rentes compagnies : Bataclown, Le Th\u00e9\u00e2tre du Chapeau, Mugabe Clown en Espagne, Clownessence, l\u2019Espace Catastrophe \u00e0 Bruxelles et accompagn\u00e9 dans un travail sur la voix &hellip; <a href=\"https:\/\/vie-en-corps.fr\/?page_id=71\">Continue reading <span class=\"meta-nav\">&rarr;<\/span><\/a><\/p>\n","protected":false},"author":2,"featured_media":0,"parent":0,"menu_order":0,"comment_status":"closed","ping_status":"closed","template":"","meta":[],"_links":{"self":[{"href":"https:\/\/vie-en-corps.fr\/index.php?rest_route=\/wp\/v2\/pages\/71"}],"collection":[{"href":"https:\/\/vie-en-corps.fr\/index.php?rest_route=\/wp\/v2\/pages"}],"about":[{"href":"https:\/\/vie-en-corps.fr\/index.php?rest_route=\/wp\/v2\/types\/page"}],"author":[{"embeddable":true,"href":"https:\/\/vie-en-corps.fr\/index.php?rest_route=\/wp\/v2\/users\/2"}],"replies":[{"embeddable":true,"href":"https:\/\/vie-en-corps.fr\/index.php?rest_route=%2Fwp%2Fv2%2Fcomments&post=71"}],"version-history":[{"count":9,"href":"https:\/\/vie-en-corps.fr\/index.php?rest_route=\/wp\/v2\/pages\/71\/revisions"}],"predecessor-version":[{"id":462,"href":"https:\/\/vie-en-corps.fr\/index.php?rest_route=\/wp\/v2\/pages\/71\/revisions\/462"}],"wp:attachment":[{"href":"https:\/\/vie-en-corps.fr\/index.php?rest_route=%2Fwp%2Fv2%2Fmedia&parent=71"}],"curies":[{"name":"wp","href":"https:\/\/api.w.org\/{rel}","templated":true}]}}