{"id":12,"date":"2016-09-08T22:53:14","date_gmt":"2016-09-08T21:53:14","guid":{"rendered":"http:\/\/vie-en-corps.fr\/?page_id=12"},"modified":"2016-09-12T20:29:47","modified_gmt":"2016-09-12T19:29:47","slug":"latelier","status":"publish","type":"page","link":"https:\/\/vie-en-corps.fr\/?page_id=12","title":{"rendered":"L&#8217;ATELIER D&#8217;IMPROVISATION"},"content":{"rendered":"<p><span style=\"color: #b60c27;\">L&#8217;atelier d&#8217;improvisation DANSE CLOWN VOIX<\/span><\/p>\n<p><em>Anim\u00e9 par David BETTIN<\/em><\/p>\n<p>&nbsp;<\/p>\n<p><span style=\"color: #b60c27;\">Un espace d&#8217;exp\u00e9rimentation et de cr\u00e9ation ! <\/span><\/p>\n<p>Pour entrer dans un \u00e9lan spontan\u00e9 et ludique, pour inventer un lien avec l&#8217;autre.<br \/>\nGr\u00e2ce aux langages du corps, aux jeux de la voix, et aux techniques de clown.<\/p>\n<p>Cet atelier est une fen\u00eatre ouverte, en marge des tracas quotidiens, un espace o\u00f9 chacun peut se sentir vivant, pr\u00e9sent \u00e0 lui-m\u00eame, dans une ambiance joyeuse et bienveillante.<br \/>\nIl est question de faire un pas vers notre enfant int\u00e9rieur, de renouer avec notre \u00e9nergie de vie, de r\u00e9veiller nos potentiels enfouis, d&#8217;ouvrir notre imaginaire, de prendre plaisir \u00e0 la cr\u00e9ation.<\/p>\n<p>La sp\u00e9cificit\u00e9 de l&#8217;atelier est de croiser les univers de la danse, de l&#8217;expression vocale et du clown \u00e0 travers l\u2019improvisation.<br \/>\nC\u2019est par le corps que nous prenons connaissance du monde qui nous entoure. L&#8217;atelier propose de s&#8217;appuyer sur l&#8217;\u00e9coute, le ressenti, et sur l&#8217;expression du corps dans l&#8217;espace.<br \/>\nLa voix est un outil \u00e0 disposition de tous et riche de potentiels. Sa vibration nous emporte au-del\u00e0 des pens\u00e9es, sert de tremplin aux \u00e9motions, et guide les mouvements corporels.<br \/>\nLe clown donne la part belle \u00e0 l&#8217;improvisation, un exercice f\u00e9cond o\u00f9 chacun peut, en se confrontant au saut dans l&#8217;inconnu, d\u00e9ployer des tr\u00e9sors d&#8217;imagination. Il s&#8217;agit d&#8217;\u00eatre au plus pr\u00e8s de ses ressentis, de tenir compte de l&#8217;univers de l&#8217;autre dans les exercices \u00e0 plusieurs, mais aussi d&#8217;int\u00e9grer la pr\u00e9sence et les r\u00e9actions du public.<\/p>\n<p><span style=\"color: #b60c27;\">D\u00e9roulement de l&#8217;atelier<\/span><\/p>\n<p>L&#8217;atelier se d\u00e9roule en 3 \u00e9tapes.<br \/>\nD&#8217;abord un \u00e9chauffement corporel et vocal pour se d\u00e9tacher des pr\u00e9occupations et des tensions, pour retrouver un \u00e9lan dynamique et \u00eatre davantage \u00e0 l&#8217;\u00e9coute de soi et des autres.<br \/>\nPuis des jeux d&#8217;expression et de rencontre permettent d&#8217;appr\u00e9hender l&#8217;autre et son univers.<br \/>\nEnfin, un temps d&#8217;improvisation, individuel ou \u00e0 plusieurs, invite \u00e0\u00a0 donner libre cours \u00e0 son imagination.<\/p>\n<p><span style=\"color: #b60c27;\">Un laboratoire des possibles<\/span><\/p>\n<p>L&#8217;atelier est ouvert \u00e0 tous, d\u00e9butants et confirm\u00e9s, de 12 \u00e0 99 ans\u00a0! Chacun y a sa place dans sa singularit\u00e9 et avec ses comp\u00e9tences. Cette mixit\u00e9 est stimulante, et gr\u00e2ce \u00e0 elle, chacun peut exp\u00e9rimenter, oser et progresser \u00e0 son rythme.<\/p>\n<p>Apr\u00e8s le premier atelier qui est gratuit et sans engagement, il est demand\u00e9 de s&#8217;inscrire \u00e0 l&#8217;ann\u00e9e afin de permettre la construction de la dynamique de groupe. Les ateliers hebdomadaires en soir\u00e9e et les 3 journ\u00e9es pleines dans l&#8217;ann\u00e9e offrent un cadre pour mieux se conna\u00eetre les uns les autres et construire un climat de confiance. Un tel cadre est n\u00e9cessaire pour que le travail cr\u00e9atif puisse advenir.<\/p>\n<p>Le spectacle de fin d&#8217;ann\u00e9e, con\u00e7u en \u00e9troite collaboration avec les participants de l&#8217;atelier, permet de valoriser les exp\u00e9riences et acquis de l&#8217;ann\u00e9e \u00e9coul\u00e9e face \u00e0 un plus large public.<\/p>\n","protected":false},"excerpt":{"rendered":"<p>L&#8217;atelier d&#8217;improvisation DANSE CLOWN VOIX Anim\u00e9 par David BETTIN &nbsp; Un espace d&#8217;exp\u00e9rimentation et de cr\u00e9ation ! Pour entrer dans un \u00e9lan spontan\u00e9 et ludique, pour inventer un lien avec l&#8217;autre. Gr\u00e2ce aux langages du corps, aux jeux de la &hellip; <a href=\"https:\/\/vie-en-corps.fr\/?page_id=12\">Continue reading <span class=\"meta-nav\">&rarr;<\/span><\/a><\/p>\n","protected":false},"author":2,"featured_media":0,"parent":0,"menu_order":0,"comment_status":"closed","ping_status":"closed","template":"","meta":[],"_links":{"self":[{"href":"https:\/\/vie-en-corps.fr\/index.php?rest_route=\/wp\/v2\/pages\/12"}],"collection":[{"href":"https:\/\/vie-en-corps.fr\/index.php?rest_route=\/wp\/v2\/pages"}],"about":[{"href":"https:\/\/vie-en-corps.fr\/index.php?rest_route=\/wp\/v2\/types\/page"}],"author":[{"embeddable":true,"href":"https:\/\/vie-en-corps.fr\/index.php?rest_route=\/wp\/v2\/users\/2"}],"replies":[{"embeddable":true,"href":"https:\/\/vie-en-corps.fr\/index.php?rest_route=%2Fwp%2Fv2%2Fcomments&post=12"}],"version-history":[{"count":7,"href":"https:\/\/vie-en-corps.fr\/index.php?rest_route=\/wp\/v2\/pages\/12\/revisions"}],"predecessor-version":[{"id":112,"href":"https:\/\/vie-en-corps.fr\/index.php?rest_route=\/wp\/v2\/pages\/12\/revisions\/112"}],"wp:attachment":[{"href":"https:\/\/vie-en-corps.fr\/index.php?rest_route=%2Fwp%2Fv2%2Fmedia&parent=12"}],"curies":[{"name":"wp","href":"https:\/\/api.w.org\/{rel}","templated":true}]}}